{"id":2753,"date":"2023-03-29T15:03:09","date_gmt":"2023-03-29T18:03:09","guid":{"rendered":"https:\/\/crefito4.org.br\/site\/?page_id=2753"},"modified":"2023-06-21T09:15:49","modified_gmt":"2023-06-21T12:15:49","slug":"fisioterapia","status":"publish","type":"page","link":"https:\/\/crefito4.org.br\/site\/fisioterapia\/","title":{"rendered":"FISIOTERAPIA"},"content":{"rendered":"\t\t<div data-elementor-type=\"wp-page\" data-elementor-id=\"2753\" class=\"elementor elementor-2753\" data-elementor-post-type=\"page\">\n\t\t\t\t\t\t<section class=\"elementor-section elementor-top-section elementor-element elementor-element-d8d2e9e elementor-section-boxed elementor-section-height-default elementor-section-height-default\" data-id=\"d8d2e9e\" data-element_type=\"section\" data-e-type=\"section\">\n\t\t\t\t\t\t<div class=\"elementor-container elementor-column-gap-default\">\n\t\t\t\t\t<div class=\"elementor-column elementor-col-100 elementor-top-column elementor-element elementor-element-1b6980e\" data-id=\"1b6980e\" data-element_type=\"column\" data-e-type=\"column\">\n\t\t\t<div class=\"elementor-widget-wrap elementor-element-populated\">\n\t\t\t\t\t\t<div class=\"elementor-element elementor-element-8959564 elementor--h-position-center elementor--v-position-middle elementor-arrows-position-inside elementor-pagination-position-inside elementor-widget elementor-widget-slides\" data-id=\"8959564\" data-element_type=\"widget\" data-e-type=\"widget\" data-settings=\"{&quot;navigation&quot;:&quot;both&quot;,&quot;autoplay&quot;:&quot;yes&quot;,&quot;pause_on_hover&quot;:&quot;yes&quot;,&quot;pause_on_interaction&quot;:&quot;yes&quot;,&quot;autoplay_speed&quot;:5000,&quot;infinite&quot;:&quot;yes&quot;,&quot;transition&quot;:&quot;slide&quot;,&quot;transition_speed&quot;:500}\" data-widget_type=\"slides.default\">\n\t\t\t\t<div class=\"elementor-widget-container\">\n\t\t\t\t\t\t\t\t\t<div class=\"elementor-swiper\">\n\t\t\t\t\t<div class=\"elementor-slides-wrapper elementor-main-swiper swiper\" role=\"region\" aria-roledescription=\"carousel\" aria-label=\"Slides\" dir=\"ltr\" data-animation=\"fadeInUp\">\n\t\t\t\t<div class=\"swiper-wrapper elementor-slides\">\n\t\t\t\t\t\t\t\t\t\t<div class=\"elementor-repeater-item-a1253b4 swiper-slide\" role=\"group\" aria-roledescription=\"slide\"><div class=\"swiper-slide-bg\" role=\"img\" aria-label=\"banner-principal_compressed\"><\/div><div class=\"swiper-slide-inner\" ><div class=\"swiper-slide-contents\"><\/div><\/div><\/div>\t\t\t\t<\/div>\n\t\t\t\t\t\t\t<\/div>\n\t\t\t\t<\/div>\n\t\t\t\t\t\t\t\t<\/div>\n\t\t\t\t<\/div>\n\t\t\t\t\t<\/div>\n\t\t<\/div>\n\t\t\t\t\t<\/div>\n\t\t<\/section>\n\t\t\t\t<section class=\"elementor-section elementor-top-section elementor-element elementor-element-7c62147 elementor-section-boxed elementor-section-height-default elementor-section-height-default\" data-id=\"7c62147\" data-element_type=\"section\" data-e-type=\"section\">\n\t\t\t\t\t\t<div class=\"elementor-container elementor-column-gap-default\">\n\t\t\t\t\t<div class=\"elementor-column elementor-col-50 elementor-top-column elementor-element elementor-element-37b0701\" data-id=\"37b0701\" data-element_type=\"column\" data-e-type=\"column\">\n\t\t\t<div class=\"elementor-widget-wrap elementor-element-populated\">\n\t\t\t\t\t\t<div class=\"elementor-element elementor-element-d504a00 elementor-widget elementor-widget-image\" data-id=\"d504a00\" data-element_type=\"widget\" data-e-type=\"widget\" data-widget_type=\"image.default\">\n\t\t\t\t<div class=\"elementor-widget-container\">\n\t\t\t\t\t\t\t\t\t\t\t\t\t\t\t<img decoding=\"async\" width=\"721\" height=\"45\" src=\"https:\/\/crefito4.org.br\/site\/wp-content\/uploads\/2023\/03\/Captura-de-tela-2023-03-29-155540.png\" class=\"attachment-large size-large wp-image-2758\" alt=\"\" srcset=\"https:\/\/crefito4.org.br\/site\/wp-content\/uploads\/2023\/03\/Captura-de-tela-2023-03-29-155540.png 721w, https:\/\/crefito4.org.br\/site\/wp-content\/uploads\/2023\/03\/Captura-de-tela-2023-03-29-155540-300x19.png 300w\" sizes=\"(max-width: 721px) 100vw, 721px\" \/>\t\t\t\t\t\t\t\t\t\t\t\t\t\t\t<\/div>\n\t\t\t\t<\/div>\n\t\t\t\t\t<\/div>\n\t\t<\/div>\n\t\t\t\t<div class=\"elementor-column elementor-col-50 elementor-top-column elementor-element elementor-element-d7630f8\" data-id=\"d7630f8\" data-element_type=\"column\" data-e-type=\"column\">\n\t\t\t<div class=\"elementor-widget-wrap\">\n\t\t\t\t\t\t\t<\/div>\n\t\t<\/div>\n\t\t\t\t\t<\/div>\n\t\t<\/section>\n\t\t\t\t<section class=\"elementor-section elementor-top-section elementor-element elementor-element-b60208b elementor-section-boxed elementor-section-height-default elementor-section-height-default\" data-id=\"b60208b\" data-element_type=\"section\" data-e-type=\"section\">\n\t\t\t\t\t\t<div class=\"elementor-container elementor-column-gap-default\">\n\t\t\t\t\t<div class=\"elementor-column elementor-col-33 elementor-top-column elementor-element elementor-element-84c9a08\" data-id=\"84c9a08\" data-element_type=\"column\" data-e-type=\"column\">\n\t\t\t<div class=\"elementor-widget-wrap elementor-element-populated\">\n\t\t\t\t\t\t<div class=\"elementor-element elementor-element-e78187c elementor-widget elementor-widget-toggle\" data-id=\"e78187c\" data-element_type=\"widget\" data-e-type=\"widget\" data-widget_type=\"toggle.default\">\n\t\t\t\t<div class=\"elementor-widget-container\">\n\t\t\t\t\t\t\t<div class=\"elementor-toggle\">\n\t\t\t\t\t\t\t<div class=\"elementor-toggle-item\">\n\t\t\t\t\t<div id=\"elementor-tab-title-2421\" class=\"elementor-tab-title\" data-tab=\"1\" role=\"button\" aria-controls=\"elementor-tab-content-2421\" aria-expanded=\"false\">\n\t\t\t\t\t\t\t\t\t\t\t\t<span class=\"elementor-toggle-icon elementor-toggle-icon-left\" aria-hidden=\"true\">\n\t\t\t\t\t\t\t\t\t\t\t\t\t\t\t<span class=\"elementor-toggle-icon-closed\"><i class=\"fas fa-caret-right\"><\/i><\/span>\n\t\t\t\t\t\t\t\t<span class=\"elementor-toggle-icon-opened\"><i class=\"elementor-toggle-icon-opened fas fa-caret-up\"><\/i><\/span>\n\t\t\t\t\t\t\t\t\t\t\t\t\t<\/span>\n\t\t\t\t\t\t\t\t\t\t\t\t<a class=\"elementor-toggle-title\" tabindex=\"0\">1. FISIOTERAPIA CL\u00cdNICA<\/a>\n\t\t\t\t\t<\/div>\n\n\t\t\t\t\t<div id=\"elementor-tab-content-2421\" class=\"elementor-tab-content elementor-clearfix\" data-tab=\"1\" role=\"region\" aria-labelledby=\"elementor-tab-title-2421\">Lorem ipsum dolor sit amet, consectetur adipiscing elit. Ut elit tellus, luctus nec ullamcorper mattis, pulvinar dapibus leo.<\/div>\n\t\t\t\t<\/div>\n\t\t\t\t\t\t\t<div class=\"elementor-toggle-item\">\n\t\t\t\t\t<div id=\"elementor-tab-title-2422\" class=\"elementor-tab-title\" data-tab=\"2\" role=\"button\" aria-controls=\"elementor-tab-content-2422\" aria-expanded=\"false\">\n\t\t\t\t\t\t\t\t\t\t\t\t<span class=\"elementor-toggle-icon elementor-toggle-icon-left\" aria-hidden=\"true\">\n\t\t\t\t\t\t\t\t\t\t\t\t\t\t\t<span class=\"elementor-toggle-icon-closed\"><i class=\"fas fa-caret-right\"><\/i><\/span>\n\t\t\t\t\t\t\t\t<span class=\"elementor-toggle-icon-opened\"><i class=\"elementor-toggle-icon-opened fas fa-caret-up\"><\/i><\/span>\n\t\t\t\t\t\t\t\t\t\t\t\t\t<\/span>\n\t\t\t\t\t\t\t\t\t\t\t\t<a class=\"elementor-toggle-title\" tabindex=\"0\">2. SA\u00daDE COLETIVA<\/a>\n\t\t\t\t\t<\/div>\n\n\t\t\t\t\t<div id=\"elementor-tab-content-2422\" class=\"elementor-tab-content elementor-clearfix\" data-tab=\"2\" role=\"region\" aria-labelledby=\"elementor-tab-title-2422\">Lorem ipsum dolor sit amet, consectetur adipiscing elit. Ut elit tellus, luctus nec ullamcorper mattis, pulvinar dapibus leo.<\/div>\n\t\t\t\t<\/div>\n\t\t\t\t\t\t\t<div class=\"elementor-toggle-item\">\n\t\t\t\t\t<div id=\"elementor-tab-title-2423\" class=\"elementor-tab-title\" data-tab=\"3\" role=\"button\" aria-controls=\"elementor-tab-content-2423\" aria-expanded=\"false\">\n\t\t\t\t\t\t\t\t\t\t\t\t<span class=\"elementor-toggle-icon elementor-toggle-icon-left\" aria-hidden=\"true\">\n\t\t\t\t\t\t\t\t\t\t\t\t\t\t\t<span class=\"elementor-toggle-icon-closed\"><i class=\"fas fa-caret-right\"><\/i><\/span>\n\t\t\t\t\t\t\t\t<span class=\"elementor-toggle-icon-opened\"><i class=\"elementor-toggle-icon-opened fas fa-caret-up\"><\/i><\/span>\n\t\t\t\t\t\t\t\t\t\t\t\t\t<\/span>\n\t\t\t\t\t\t\t\t\t\t\t\t<a class=\"elementor-toggle-title\" tabindex=\"0\">3. EDUCA\u00c7\u00c3O<\/a>\n\t\t\t\t\t<\/div>\n\n\t\t\t\t\t<div id=\"elementor-tab-content-2423\" class=\"elementor-tab-content elementor-clearfix\" data-tab=\"3\" role=\"region\" aria-labelledby=\"elementor-tab-title-2423\">Lorem ipsum dolor sit amet, consectetur adipiscing elit. Ut elit tellus, luctus nec ullamcorper mattis, pulvinar dapibus leo.<\/div>\n\t\t\t\t<\/div>\n\t\t\t\t\t\t\t<div class=\"elementor-toggle-item\">\n\t\t\t\t\t<div id=\"elementor-tab-title-2424\" class=\"elementor-tab-title\" data-tab=\"4\" role=\"button\" aria-controls=\"elementor-tab-content-2424\" aria-expanded=\"false\">\n\t\t\t\t\t\t\t\t\t\t\t\t<span class=\"elementor-toggle-icon elementor-toggle-icon-left\" aria-hidden=\"true\">\n\t\t\t\t\t\t\t\t\t\t\t\t\t\t\t<span class=\"elementor-toggle-icon-closed\"><i class=\"fas fa-caret-right\"><\/i><\/span>\n\t\t\t\t\t\t\t\t<span class=\"elementor-toggle-icon-opened\"><i class=\"elementor-toggle-icon-opened fas fa-caret-up\"><\/i><\/span>\n\t\t\t\t\t\t\t\t\t\t\t\t\t<\/span>\n\t\t\t\t\t\t\t\t\t\t\t\t<a class=\"elementor-toggle-title\" tabindex=\"0\">4. OUTRAS<\/a>\n\t\t\t\t\t<\/div>\n\n\t\t\t\t\t<div id=\"elementor-tab-content-2424\" class=\"elementor-tab-content elementor-clearfix\" data-tab=\"4\" role=\"region\" aria-labelledby=\"elementor-tab-title-2424\">Lorem ipsum dolor sit amet, consectetur adipiscing elit. Ut elit tellus, luctus nec ullamcorper mattis, pulvinar dapibus leo.<\/div>\n\t\t\t\t<\/div>\n\t\t\t\t\t\t\t<div class=\"elementor-toggle-item\">\n\t\t\t\t\t<div id=\"elementor-tab-title-2425\" class=\"elementor-tab-title\" data-tab=\"5\" role=\"button\" aria-controls=\"elementor-tab-content-2425\" aria-expanded=\"false\">\n\t\t\t\t\t\t\t\t\t\t\t\t<span class=\"elementor-toggle-icon elementor-toggle-icon-left\" aria-hidden=\"true\">\n\t\t\t\t\t\t\t\t\t\t\t\t\t\t\t<span class=\"elementor-toggle-icon-closed\"><i class=\"fas fa-caret-right\"><\/i><\/span>\n\t\t\t\t\t\t\t\t<span class=\"elementor-toggle-icon-opened\"><i class=\"elementor-toggle-icon-opened fas fa-caret-up\"><\/i><\/span>\n\t\t\t\t\t\t\t\t\t\t\t\t\t<\/span>\n\t\t\t\t\t\t\t\t\t\t\t\t<a class=\"elementor-toggle-title\" tabindex=\"0\">5. EXIG\u00caNCIAS LEGAIS<\/a>\n\t\t\t\t\t<\/div>\n\n\t\t\t\t\t<div id=\"elementor-tab-content-2425\" class=\"elementor-tab-content elementor-clearfix\" data-tab=\"5\" role=\"region\" aria-labelledby=\"elementor-tab-title-2425\"><p>5.1 &#8211; Responsabilidade T\u00e9cnica de empresas<\/p><p>a) Toda empresa ligada a produ\u00e7\u00e3o de equipamentos de utiliza\u00e7\u00e3o em Fisioterapia e as que prestam assist\u00eancia fisioterap\u00eautica, s\u00e3o<br \/>obrigadas ao registro nos \u00d3rg\u00e3os de controle e fiscaliza\u00e7\u00e3o do exerc\u00edcio da atividade profissional da Fisioterapia (Lei n.o<br \/>6.316\/75).<\/p><p>b) No momento da solicita\u00e7\u00e3o de seu registro, dever\u00e3o apresentar profissional Fisioterapeuta, para assumir a responsabilidade t\u00e9cnica da Empresa perante o \u00f3rg\u00e3o de fiscaliza\u00e7\u00e3o, a quem ser\u00e3o imputadas as responsabilidades pelas quebras da \u00e9tica social que<br \/>n\u00e3o sanear ou denunciar.<br \/>5.2 &#8211; Registro Profissional<\/p><p>a) Para o exerc\u00edcio da atividade profissional de Fisioterapeuta no pa\u00eds, \u00e9 exig\u00edvel al\u00e9m da forma\u00e7\u00e3o em curso universit\u00e1rio superior, o registro do seu t\u00edtulo no Conselho Profissional da categoria.<\/p><p>b) A atividade profissional s\u00f3 \u00e9 permitida ap\u00f3s o tr\u00e2mite processual e a concess\u00e3o de Carteira de Identidade Profissional de Fisioterapeuta (Lei no<\/p><p>6.316\/75).<\/p><\/div>\n\t\t\t\t<\/div>\n\t\t\t\t\t\t\t\t<\/div>\n\t\t\t\t\t\t<\/div>\n\t\t\t\t<\/div>\n\t\t\t\t\t<\/div>\n\t\t<\/div>\n\t\t\t\t<div class=\"elementor-column elementor-col-33 elementor-top-column elementor-element elementor-element-1f7ff99\" data-id=\"1f7ff99\" data-element_type=\"column\" data-e-type=\"column\">\n\t\t\t<div class=\"elementor-widget-wrap\">\n\t\t\t\t\t\t\t<\/div>\n\t\t<\/div>\n\t\t\t\t<div class=\"elementor-column elementor-col-33 elementor-top-column elementor-element elementor-element-e7e99ad\" data-id=\"e7e99ad\" data-element_type=\"column\" data-e-type=\"column\">\n\t\t\t<div class=\"elementor-widget-wrap elementor-element-populated\">\n\t\t\t\t\t\t<div class=\"elementor-element elementor-element-eb30fa4 elementor-widget elementor-widget-image\" data-id=\"eb30fa4\" data-element_type=\"widget\" data-e-type=\"widget\" data-widget_type=\"image.default\">\n\t\t\t\t<div class=\"elementor-widget-container\">\n\t\t\t\t\t\t\t\t\t\t\t\t\t\t\t<img fetchpriority=\"high\" decoding=\"async\" width=\"709\" height=\"272\" src=\"https:\/\/crefito4.org.br\/site\/wp-content\/uploads\/2023\/03\/btn-cbdf.png\" class=\"attachment-large size-large wp-image-2669\" alt=\"\" srcset=\"https:\/\/crefito4.org.br\/site\/wp-content\/uploads\/2023\/03\/btn-cbdf.png 709w, https:\/\/crefito4.org.br\/site\/wp-content\/uploads\/2023\/03\/btn-cbdf-300x115.png 300w\" sizes=\"(max-width: 709px) 100vw, 709px\" \/>\t\t\t\t\t\t\t\t\t\t\t\t\t\t\t<\/div>\n\t\t\t\t<\/div>\n\t\t\t\t\t<\/div>\n\t\t<\/div>\n\t\t\t\t\t<\/div>\n\t\t<\/section>\n\t\t\t\t<\/div>\n\t\t","protected":false},"excerpt":{"rendered":"<p>1. FISIOTERAPIA CL\u00cdNICA Lorem ipsum dolor sit amet, consectetur adipiscing elit. Ut elit tellus, luctus nec ullamcorper mattis, pulvinar dapibus leo. 2. SA\u00daDE COLETIVA Lorem ipsum dolor sit amet, consectetur adipiscing elit. Ut elit tellus, luctus nec ullamcorper mattis, pulvinar dapibus leo. 3. EDUCA\u00c7\u00c3O Lorem ipsum dolor sit amet, consectetur [&hellip;]<\/p>\n","protected":false},"author":1,"featured_media":0,"parent":0,"menu_order":0,"comment_status":"closed","ping_status":"closed","template":"page-templates\/template-pagebuilder-full-width.php","meta":{"footnotes":""},"class_list":["post-2753","page","type-page","status-publish","hentry"],"yoast_head":"<!-- This site is optimized with the Yoast SEO plugin v27.3 - https:\/\/yoast.com\/product\/yoast-seo-wordpress\/ -->\n<title>FISIOTERAPIA - CREFITO-4<\/title>\n<meta name=\"robots\" content=\"index, follow, max-snippet:-1, max-image-preview:large, max-video-preview:-1\" \/>\n<link rel=\"canonical\" href=\"https:\/\/crefito4.org.br\/site\/fisioterapia\/\" \/>\n<meta property=\"og:locale\" content=\"pt_BR\" \/>\n<meta property=\"og:type\" content=\"article\" \/>\n<meta property=\"og:title\" content=\"FISIOTERAPIA - CREFITO-4\" \/>\n<meta property=\"og:description\" content=\"1. FISIOTERAPIA CL\u00cdNICA Lorem ipsum dolor sit amet, consectetur adipiscing elit. Ut elit tellus, luctus nec ullamcorper mattis, pulvinar dapibus leo. 2. SA\u00daDE COLETIVA Lorem ipsum dolor sit amet, consectetur adipiscing elit. Ut elit tellus, luctus nec ullamcorper mattis, pulvinar dapibus leo. 3. EDUCA\u00c7\u00c3O Lorem ipsum dolor sit amet, consectetur [&hellip;]\" \/>\n<meta property=\"og:url\" content=\"https:\/\/crefito4.org.br\/site\/fisioterapia\/\" \/>\n<meta property=\"og:site_name\" content=\"CREFITO-4\" \/>\n<meta property=\"article:publisher\" content=\"https:\/\/www.facebook.com\/Crefito4\/\" \/>\n<meta property=\"article:modified_time\" content=\"2023-06-21T12:15:49+00:00\" \/>\n<meta property=\"og:image\" content=\"http:\/\/crefito4.org.br\/site\/wp-content\/uploads\/2023\/03\/Captura-de-tela-2023-03-29-155540.png\" \/>\n<meta name=\"twitter:card\" content=\"summary_large_image\" \/>\n<meta name=\"twitter:label1\" content=\"Est. tempo de leitura\" \/>\n\t<meta name=\"twitter:data1\" content=\"1 minuto\" \/>\n<script type=\"application\/ld+json\" class=\"yoast-schema-graph\">{\"@context\":\"https:\\\/\\\/schema.org\",\"@graph\":[{\"@type\":\"WebPage\",\"@id\":\"https:\\\/\\\/crefito4.org.br\\\/site\\\/fisioterapia\\\/\",\"url\":\"https:\\\/\\\/crefito4.org.br\\\/site\\\/fisioterapia\\\/\",\"name\":\"FISIOTERAPIA - CREFITO-4\",\"isPartOf\":{\"@id\":\"https:\\\/\\\/crefito4.org.br\\\/site\\\/#website\"},\"primaryImageOfPage\":{\"@id\":\"https:\\\/\\\/crefito4.org.br\\\/site\\\/fisioterapia\\\/#primaryimage\"},\"image\":{\"@id\":\"https:\\\/\\\/crefito4.org.br\\\/site\\\/fisioterapia\\\/#primaryimage\"},\"thumbnailUrl\":\"http:\\\/\\\/crefito4.org.br\\\/site\\\/wp-content\\\/uploads\\\/2023\\\/03\\\/Captura-de-tela-2023-03-29-155540.png\",\"datePublished\":\"2023-03-29T18:03:09+00:00\",\"dateModified\":\"2023-06-21T12:15:49+00:00\",\"breadcrumb\":{\"@id\":\"https:\\\/\\\/crefito4.org.br\\\/site\\\/fisioterapia\\\/#breadcrumb\"},\"inLanguage\":\"pt-BR\",\"potentialAction\":[{\"@type\":\"ReadAction\",\"target\":[\"https:\\\/\\\/crefito4.org.br\\\/site\\\/fisioterapia\\\/\"]}]},{\"@type\":\"ImageObject\",\"inLanguage\":\"pt-BR\",\"@id\":\"https:\\\/\\\/crefito4.org.br\\\/site\\\/fisioterapia\\\/#primaryimage\",\"url\":\"http:\\\/\\\/crefito4.org.br\\\/site\\\/wp-content\\\/uploads\\\/2023\\\/03\\\/Captura-de-tela-2023-03-29-155540.png\",\"contentUrl\":\"http:\\\/\\\/crefito4.org.br\\\/site\\\/wp-content\\\/uploads\\\/2023\\\/03\\\/Captura-de-tela-2023-03-29-155540.png\"},{\"@type\":\"BreadcrumbList\",\"@id\":\"https:\\\/\\\/crefito4.org.br\\\/site\\\/fisioterapia\\\/#breadcrumb\",\"itemListElement\":[{\"@type\":\"ListItem\",\"position\":1,\"name\":\"In\u00edcio\",\"item\":\"https:\\\/\\\/crefito4.org.br\\\/site\\\/\"},{\"@type\":\"ListItem\",\"position\":2,\"name\":\"FISIOTERAPIA\"}]},{\"@type\":\"WebSite\",\"@id\":\"https:\\\/\\\/crefito4.org.br\\\/site\\\/#website\",\"url\":\"https:\\\/\\\/crefito4.org.br\\\/site\\\/\",\"name\":\"CREFITO-4\",\"description\":\"Conselho Regional de Fisioterapia e Terapia Ocupacional da 4\u00aa Regi\u00e3o\",\"publisher\":{\"@id\":\"https:\\\/\\\/crefito4.org.br\\\/site\\\/#organization\"},\"potentialAction\":[{\"@type\":\"SearchAction\",\"target\":{\"@type\":\"EntryPoint\",\"urlTemplate\":\"https:\\\/\\\/crefito4.org.br\\\/site\\\/?s={search_term_string}\"},\"query-input\":{\"@type\":\"PropertyValueSpecification\",\"valueRequired\":true,\"valueName\":\"search_term_string\"}}],\"inLanguage\":\"pt-BR\"},{\"@type\":\"Organization\",\"@id\":\"https:\\\/\\\/crefito4.org.br\\\/site\\\/#organization\",\"name\":\"CREFITO-4\",\"url\":\"https:\\\/\\\/crefito4.org.br\\\/site\\\/\",\"logo\":{\"@type\":\"ImageObject\",\"inLanguage\":\"pt-BR\",\"@id\":\"https:\\\/\\\/crefito4.org.br\\\/site\\\/#\\\/schema\\\/logo\\\/image\\\/\",\"url\":\"https:\\\/\\\/crefito4.org.br\\\/site\\\/wp-content\\\/uploads\\\/2023\\\/11\\\/logomarca-crefito4.png\",\"contentUrl\":\"https:\\\/\\\/crefito4.org.br\\\/site\\\/wp-content\\\/uploads\\\/2023\\\/11\\\/logomarca-crefito4.png\",\"width\":795,\"height\":233,\"caption\":\"CREFITO-4\"},\"image\":{\"@id\":\"https:\\\/\\\/crefito4.org.br\\\/site\\\/#\\\/schema\\\/logo\\\/image\\\/\"},\"sameAs\":[\"https:\\\/\\\/www.facebook.com\\\/Crefito4\\\/\",\"https:\\\/\\\/www.instagram.com\\\/crefito4\\\/\"]}]}<\/script>\n<!-- \/ Yoast SEO plugin. -->","yoast_head_json":{"title":"FISIOTERAPIA - CREFITO-4","robots":{"index":"index","follow":"follow","max-snippet":"max-snippet:-1","max-image-preview":"max-image-preview:large","max-video-preview":"max-video-preview:-1"},"canonical":"https:\/\/crefito4.org.br\/site\/fisioterapia\/","og_locale":"pt_BR","og_type":"article","og_title":"FISIOTERAPIA - CREFITO-4","og_description":"1. FISIOTERAPIA CL\u00cdNICA Lorem ipsum dolor sit amet, consectetur adipiscing elit. Ut elit tellus, luctus nec ullamcorper mattis, pulvinar dapibus leo. 2. SA\u00daDE COLETIVA Lorem ipsum dolor sit amet, consectetur adipiscing elit. Ut elit tellus, luctus nec ullamcorper mattis, pulvinar dapibus leo. 3. EDUCA\u00c7\u00c3O Lorem ipsum dolor sit amet, consectetur [&hellip;]","og_url":"https:\/\/crefito4.org.br\/site\/fisioterapia\/","og_site_name":"CREFITO-4","article_publisher":"https:\/\/www.facebook.com\/Crefito4\/","article_modified_time":"2023-06-21T12:15:49+00:00","og_image":[{"url":"http:\/\/crefito4.org.br\/site\/wp-content\/uploads\/2023\/03\/Captura-de-tela-2023-03-29-155540.png","type":"","width":"","height":""}],"twitter_card":"summary_large_image","twitter_misc":{"Est. tempo de leitura":"1 minuto"},"schema":{"@context":"https:\/\/schema.org","@graph":[{"@type":"WebPage","@id":"https:\/\/crefito4.org.br\/site\/fisioterapia\/","url":"https:\/\/crefito4.org.br\/site\/fisioterapia\/","name":"FISIOTERAPIA - CREFITO-4","isPartOf":{"@id":"https:\/\/crefito4.org.br\/site\/#website"},"primaryImageOfPage":{"@id":"https:\/\/crefito4.org.br\/site\/fisioterapia\/#primaryimage"},"image":{"@id":"https:\/\/crefito4.org.br\/site\/fisioterapia\/#primaryimage"},"thumbnailUrl":"http:\/\/crefito4.org.br\/site\/wp-content\/uploads\/2023\/03\/Captura-de-tela-2023-03-29-155540.png","datePublished":"2023-03-29T18:03:09+00:00","dateModified":"2023-06-21T12:15:49+00:00","breadcrumb":{"@id":"https:\/\/crefito4.org.br\/site\/fisioterapia\/#breadcrumb"},"inLanguage":"pt-BR","potentialAction":[{"@type":"ReadAction","target":["https:\/\/crefito4.org.br\/site\/fisioterapia\/"]}]},{"@type":"ImageObject","inLanguage":"pt-BR","@id":"https:\/\/crefito4.org.br\/site\/fisioterapia\/#primaryimage","url":"http:\/\/crefito4.org.br\/site\/wp-content\/uploads\/2023\/03\/Captura-de-tela-2023-03-29-155540.png","contentUrl":"http:\/\/crefito4.org.br\/site\/wp-content\/uploads\/2023\/03\/Captura-de-tela-2023-03-29-155540.png"},{"@type":"BreadcrumbList","@id":"https:\/\/crefito4.org.br\/site\/fisioterapia\/#breadcrumb","itemListElement":[{"@type":"ListItem","position":1,"name":"In\u00edcio","item":"https:\/\/crefito4.org.br\/site\/"},{"@type":"ListItem","position":2,"name":"FISIOTERAPIA"}]},{"@type":"WebSite","@id":"https:\/\/crefito4.org.br\/site\/#website","url":"https:\/\/crefito4.org.br\/site\/","name":"CREFITO-4","description":"Conselho Regional de Fisioterapia e Terapia Ocupacional da 4\u00aa Regi\u00e3o","publisher":{"@id":"https:\/\/crefito4.org.br\/site\/#organization"},"potentialAction":[{"@type":"SearchAction","target":{"@type":"EntryPoint","urlTemplate":"https:\/\/crefito4.org.br\/site\/?s={search_term_string}"},"query-input":{"@type":"PropertyValueSpecification","valueRequired":true,"valueName":"search_term_string"}}],"inLanguage":"pt-BR"},{"@type":"Organization","@id":"https:\/\/crefito4.org.br\/site\/#organization","name":"CREFITO-4","url":"https:\/\/crefito4.org.br\/site\/","logo":{"@type":"ImageObject","inLanguage":"pt-BR","@id":"https:\/\/crefito4.org.br\/site\/#\/schema\/logo\/image\/","url":"https:\/\/crefito4.org.br\/site\/wp-content\/uploads\/2023\/11\/logomarca-crefito4.png","contentUrl":"https:\/\/crefito4.org.br\/site\/wp-content\/uploads\/2023\/11\/logomarca-crefito4.png","width":795,"height":233,"caption":"CREFITO-4"},"image":{"@id":"https:\/\/crefito4.org.br\/site\/#\/schema\/logo\/image\/"},"sameAs":["https:\/\/www.facebook.com\/Crefito4\/","https:\/\/www.instagram.com\/crefito4\/"]}]}},"_links":{"self":[{"href":"https:\/\/crefito4.org.br\/site\/wp-json\/wp\/v2\/pages\/2753","targetHints":{"allow":["GET"]}}],"collection":[{"href":"https:\/\/crefito4.org.br\/site\/wp-json\/wp\/v2\/pages"}],"about":[{"href":"https:\/\/crefito4.org.br\/site\/wp-json\/wp\/v2\/types\/page"}],"author":[{"embeddable":true,"href":"https:\/\/crefito4.org.br\/site\/wp-json\/wp\/v2\/users\/1"}],"replies":[{"embeddable":true,"href":"https:\/\/crefito4.org.br\/site\/wp-json\/wp\/v2\/comments?post=2753"}],"version-history":[{"count":26,"href":"https:\/\/crefito4.org.br\/site\/wp-json\/wp\/v2\/pages\/2753\/revisions"}],"predecessor-version":[{"id":3791,"href":"https:\/\/crefito4.org.br\/site\/wp-json\/wp\/v2\/pages\/2753\/revisions\/3791"}],"wp:attachment":[{"href":"https:\/\/crefito4.org.br\/site\/wp-json\/wp\/v2\/media?parent=2753"}],"curies":[{"name":"wp","href":"https:\/\/api.w.org\/{rel}","templated":true}]}}