{"id":1225,"date":"2023-01-05T10:32:38","date_gmt":"2023-01-05T13:32:38","guid":{"rendered":"http:\/\/crefito4.org.br\/site\/?page_id=1225"},"modified":"2023-03-23T10:33:02","modified_gmt":"2023-03-23T13:33:02","slug":"contato","status":"publish","type":"page","link":"https:\/\/crefito4.org.br\/site\/contato\/","title":{"rendered":"CONTATO"},"content":{"rendered":"\t\t<div data-elementor-type=\"wp-page\" data-elementor-id=\"1225\" class=\"elementor elementor-1225\" data-elementor-post-type=\"page\">\n\t\t\t\t\t\t<section class=\"elementor-section elementor-top-section elementor-element elementor-element-ae770db elementor-hidden-mobile elementor-section-boxed elementor-section-height-default elementor-section-height-default\" data-id=\"ae770db\" data-element_type=\"section\" data-e-type=\"section\" data-settings=\"{&quot;background_background&quot;:&quot;classic&quot;}\">\n\t\t\t\t\t\t<div class=\"elementor-container elementor-column-gap-default\">\n\t\t\t\t\t<div class=\"elementor-column elementor-col-33 elementor-top-column elementor-element elementor-element-e5c413c\" data-id=\"e5c413c\" data-element_type=\"column\" data-e-type=\"column\">\n\t\t\t<div class=\"elementor-widget-wrap\">\n\t\t\t\t\t\t\t<\/div>\n\t\t<\/div>\n\t\t\t\t<div class=\"elementor-column elementor-col-33 elementor-top-column elementor-element elementor-element-1bde36a\" data-id=\"1bde36a\" data-element_type=\"column\" data-e-type=\"column\">\n\t\t\t<div class=\"elementor-widget-wrap elementor-element-populated\">\n\t\t\t\t\t\t<div class=\"elementor-element elementor-element-eb3f462 elementor-align-end elementor-icon-list--layout-traditional elementor-list-item-link-full_width elementor-widget elementor-widget-icon-list\" data-id=\"eb3f462\" data-element_type=\"widget\" data-e-type=\"widget\" data-widget_type=\"icon-list.default\">\n\t\t\t\t<div class=\"elementor-widget-container\">\n\t\t\t\t\t\t\t<ul class=\"elementor-icon-list-items\">\n\t\t\t\t\t\t\t<li class=\"elementor-icon-list-item\">\n\t\t\t\t\t\t\t\t\t\t\t<span class=\"elementor-icon-list-icon\">\n\t\t\t\t\t\t\t<i aria-hidden=\"true\" class=\"fas fa-clipboard-check\"><\/i>\t\t\t\t\t\t<\/span>\n\t\t\t\t\t\t\t\t\t\t<span class=\"elementor-icon-list-text\">Transpar\u00eancia e presta\u00e7\u00e3o de contas<\/span>\n\t\t\t\t\t\t\t\t\t<\/li>\n\t\t\t\t\t\t<\/ul>\n\t\t\t\t\t\t<\/div>\n\t\t\t\t<\/div>\n\t\t\t\t\t<\/div>\n\t\t<\/div>\n\t\t\t\t<div class=\"elementor-column elementor-col-33 elementor-top-column elementor-element elementor-element-550b414\" data-id=\"550b414\" data-element_type=\"column\" data-e-type=\"column\">\n\t\t\t<div class=\"elementor-widget-wrap elementor-element-populated\">\n\t\t\t\t\t\t<div class=\"elementor-element elementor-element-a1da3e3 elementor-widget elementor-widget-heading\" data-id=\"a1da3e3\" data-element_type=\"widget\" data-e-type=\"widget\" data-widget_type=\"heading.default\">\n\t\t\t\t<div class=\"elementor-widget-container\">\n\t\t\t\t\t<p class=\"elementor-heading-title elementor-size-default\">Servi\u00e7os on-line<\/p>\t\t\t\t<\/div>\n\t\t\t\t<\/div>\n\t\t\t\t\t<\/div>\n\t\t<\/div>\n\t\t\t\t\t<\/div>\n\t\t<\/section>\n\t\t\t\t<\/div>\n\t\t","protected":false},"excerpt":{"rendered":"<p>Transpar\u00eancia e presta\u00e7\u00e3o de contas Servi\u00e7os on-line<\/p>\n","protected":false},"author":1,"featured_media":0,"parent":0,"menu_order":0,"comment_status":"closed","ping_status":"closed","template":"page-templates\/template-pagebuilder-full-width.php","meta":{"footnotes":""},"class_list":["post-1225","page","type-page","status-publish","hentry"],"yoast_head":"<!-- This site is optimized with the Yoast SEO plugin v27.5 - https:\/\/yoast.com\/product\/yoast-seo-wordpress\/ -->\n<title>CONTATO - CREFITO-4<\/title>\n<meta name=\"robots\" content=\"index, follow, max-snippet:-1, max-image-preview:large, max-video-preview:-1\" \/>\n<link rel=\"canonical\" href=\"https:\/\/crefito4.org.br\/site\/contato\/\" \/>\n<meta property=\"og:locale\" content=\"pt_BR\" \/>\n<meta property=\"og:type\" content=\"article\" \/>\n<meta property=\"og:title\" content=\"CONTATO - CREFITO-4\" \/>\n<meta property=\"og:description\" content=\"Transpar\u00eancia e presta\u00e7\u00e3o de contas Servi\u00e7os on-line\" \/>\n<meta property=\"og:url\" content=\"https:\/\/crefito4.org.br\/site\/contato\/\" \/>\n<meta property=\"og:site_name\" content=\"CREFITO-4\" \/>\n<meta property=\"article:publisher\" content=\"https:\/\/www.facebook.com\/Crefito4\/\" \/>\n<meta property=\"article:modified_time\" content=\"2023-03-23T13:33:02+00:00\" \/>\n<meta name=\"twitter:card\" content=\"summary_large_image\" \/>\n<script type=\"application\/ld+json\" class=\"yoast-schema-graph\">{\"@context\":\"https:\\\/\\\/schema.org\",\"@graph\":[{\"@type\":\"WebPage\",\"@id\":\"https:\\\/\\\/crefito4.org.br\\\/site\\\/contato\\\/\",\"url\":\"https:\\\/\\\/crefito4.org.br\\\/site\\\/contato\\\/\",\"name\":\"CONTATO - CREFITO-4\",\"isPartOf\":{\"@id\":\"https:\\\/\\\/crefito4.org.br\\\/site\\\/#website\"},\"datePublished\":\"2023-01-05T13:32:38+00:00\",\"dateModified\":\"2023-03-23T13:33:02+00:00\",\"breadcrumb\":{\"@id\":\"https:\\\/\\\/crefito4.org.br\\\/site\\\/contato\\\/#breadcrumb\"},\"inLanguage\":\"pt-BR\",\"potentialAction\":[{\"@type\":\"ReadAction\",\"target\":[\"https:\\\/\\\/crefito4.org.br\\\/site\\\/contato\\\/\"]}]},{\"@type\":\"BreadcrumbList\",\"@id\":\"https:\\\/\\\/crefito4.org.br\\\/site\\\/contato\\\/#breadcrumb\",\"itemListElement\":[{\"@type\":\"ListItem\",\"position\":1,\"name\":\"In\u00edcio\",\"item\":\"https:\\\/\\\/crefito4.org.br\\\/site\\\/\"},{\"@type\":\"ListItem\",\"position\":2,\"name\":\"CONTATO\"}]},{\"@type\":\"WebSite\",\"@id\":\"https:\\\/\\\/crefito4.org.br\\\/site\\\/#website\",\"url\":\"https:\\\/\\\/crefito4.org.br\\\/site\\\/\",\"name\":\"CREFITO-4\",\"description\":\"Conselho Regional de Fisioterapia e Terapia Ocupacional da 4\u00aa Regi\u00e3o\",\"publisher\":{\"@id\":\"https:\\\/\\\/crefito4.org.br\\\/site\\\/#organization\"},\"potentialAction\":[{\"@type\":\"SearchAction\",\"target\":{\"@type\":\"EntryPoint\",\"urlTemplate\":\"https:\\\/\\\/crefito4.org.br\\\/site\\\/?s={search_term_string}\"},\"query-input\":{\"@type\":\"PropertyValueSpecification\",\"valueRequired\":true,\"valueName\":\"search_term_string\"}}],\"inLanguage\":\"pt-BR\"},{\"@type\":\"Organization\",\"@id\":\"https:\\\/\\\/crefito4.org.br\\\/site\\\/#organization\",\"name\":\"CREFITO-4\",\"url\":\"https:\\\/\\\/crefito4.org.br\\\/site\\\/\",\"logo\":{\"@type\":\"ImageObject\",\"inLanguage\":\"pt-BR\",\"@id\":\"https:\\\/\\\/crefito4.org.br\\\/site\\\/#\\\/schema\\\/logo\\\/image\\\/\",\"url\":\"https:\\\/\\\/crefito4.org.br\\\/site\\\/wp-content\\\/uploads\\\/2023\\\/11\\\/logomarca-crefito4.png\",\"contentUrl\":\"https:\\\/\\\/crefito4.org.br\\\/site\\\/wp-content\\\/uploads\\\/2023\\\/11\\\/logomarca-crefito4.png\",\"width\":795,\"height\":233,\"caption\":\"CREFITO-4\"},\"image\":{\"@id\":\"https:\\\/\\\/crefito4.org.br\\\/site\\\/#\\\/schema\\\/logo\\\/image\\\/\"},\"sameAs\":[\"https:\\\/\\\/www.facebook.com\\\/Crefito4\\\/\",\"https:\\\/\\\/www.instagram.com\\\/crefito4\\\/\"]}]}<\/script>\n<!-- \/ Yoast SEO plugin. -->","yoast_head_json":{"title":"CONTATO - CREFITO-4","robots":{"index":"index","follow":"follow","max-snippet":"max-snippet:-1","max-image-preview":"max-image-preview:large","max-video-preview":"max-video-preview:-1"},"canonical":"https:\/\/crefito4.org.br\/site\/contato\/","og_locale":"pt_BR","og_type":"article","og_title":"CONTATO - CREFITO-4","og_description":"Transpar\u00eancia e presta\u00e7\u00e3o de contas Servi\u00e7os on-line","og_url":"https:\/\/crefito4.org.br\/site\/contato\/","og_site_name":"CREFITO-4","article_publisher":"https:\/\/www.facebook.com\/Crefito4\/","article_modified_time":"2023-03-23T13:33:02+00:00","twitter_card":"summary_large_image","schema":{"@context":"https:\/\/schema.org","@graph":[{"@type":"WebPage","@id":"https:\/\/crefito4.org.br\/site\/contato\/","url":"https:\/\/crefito4.org.br\/site\/contato\/","name":"CONTATO - CREFITO-4","isPartOf":{"@id":"https:\/\/crefito4.org.br\/site\/#website"},"datePublished":"2023-01-05T13:32:38+00:00","dateModified":"2023-03-23T13:33:02+00:00","breadcrumb":{"@id":"https:\/\/crefito4.org.br\/site\/contato\/#breadcrumb"},"inLanguage":"pt-BR","potentialAction":[{"@type":"ReadAction","target":["https:\/\/crefito4.org.br\/site\/contato\/"]}]},{"@type":"BreadcrumbList","@id":"https:\/\/crefito4.org.br\/site\/contato\/#breadcrumb","itemListElement":[{"@type":"ListItem","position":1,"name":"In\u00edcio","item":"https:\/\/crefito4.org.br\/site\/"},{"@type":"ListItem","position":2,"name":"CONTATO"}]},{"@type":"WebSite","@id":"https:\/\/crefito4.org.br\/site\/#website","url":"https:\/\/crefito4.org.br\/site\/","name":"CREFITO-4","description":"Conselho Regional de Fisioterapia e Terapia Ocupacional da 4\u00aa Regi\u00e3o","publisher":{"@id":"https:\/\/crefito4.org.br\/site\/#organization"},"potentialAction":[{"@type":"SearchAction","target":{"@type":"EntryPoint","urlTemplate":"https:\/\/crefito4.org.br\/site\/?s={search_term_string}"},"query-input":{"@type":"PropertyValueSpecification","valueRequired":true,"valueName":"search_term_string"}}],"inLanguage":"pt-BR"},{"@type":"Organization","@id":"https:\/\/crefito4.org.br\/site\/#organization","name":"CREFITO-4","url":"https:\/\/crefito4.org.br\/site\/","logo":{"@type":"ImageObject","inLanguage":"pt-BR","@id":"https:\/\/crefito4.org.br\/site\/#\/schema\/logo\/image\/","url":"https:\/\/crefito4.org.br\/site\/wp-content\/uploads\/2023\/11\/logomarca-crefito4.png","contentUrl":"https:\/\/crefito4.org.br\/site\/wp-content\/uploads\/2023\/11\/logomarca-crefito4.png","width":795,"height":233,"caption":"CREFITO-4"},"image":{"@id":"https:\/\/crefito4.org.br\/site\/#\/schema\/logo\/image\/"},"sameAs":["https:\/\/www.facebook.com\/Crefito4\/","https:\/\/www.instagram.com\/crefito4\/"]}]}},"_links":{"self":[{"href":"https:\/\/crefito4.org.br\/site\/wp-json\/wp\/v2\/pages\/1225","targetHints":{"allow":["GET"]}}],"collection":[{"href":"https:\/\/crefito4.org.br\/site\/wp-json\/wp\/v2\/pages"}],"about":[{"href":"https:\/\/crefito4.org.br\/site\/wp-json\/wp\/v2\/types\/page"}],"author":[{"embeddable":true,"href":"https:\/\/crefito4.org.br\/site\/wp-json\/wp\/v2\/users\/1"}],"replies":[{"embeddable":true,"href":"https:\/\/crefito4.org.br\/site\/wp-json\/wp\/v2\/comments?post=1225"}],"version-history":[{"count":10,"href":"https:\/\/crefito4.org.br\/site\/wp-json\/wp\/v2\/pages\/1225\/revisions"}],"predecessor-version":[{"id":1953,"href":"https:\/\/crefito4.org.br\/site\/wp-json\/wp\/v2\/pages\/1225\/revisions\/1953"}],"wp:attachment":[{"href":"https:\/\/crefito4.org.br\/site\/wp-json\/wp\/v2\/media?parent=1225"}],"curies":[{"name":"wp","href":"https:\/\/api.w.org\/{rel}","templated":true}]}}